{"id":3372,"date":"2023-01-20T15:33:37","date_gmt":"2023-01-20T15:33:37","guid":{"rendered":"https:\/\/funacademycampus.fi\/?page_id=3372"},"modified":"2023-01-23T20:34:57","modified_gmt":"2023-01-23T20:34:57","slug":"home","status":"publish","type":"page","link":"https:\/\/funacademycampus.fi\/fi\/","title":{"rendered":"Home"},"content":{"rendered":"<div data-elementor-type=\"wp-page\" data-elementor-id=\"3372\" class=\"elementor elementor-3372\">\n\t\t\t\t\t\t\t\t\t<section class=\"elementor-section elementor-top-section elementor-element elementor-element-6579a1d elementor-section-height-min-height elementor-section-boxed elementor-section-height-default elementor-section-items-middle\" data-id=\"6579a1d\" data-element_type=\"section\">\n\t\t\t\t\t\t<div class=\"elementor-container elementor-column-gap-default\">\n\t\t\t\t\t<div class=\"elementor-column elementor-col-100 elementor-top-column elementor-element elementor-element-2a4ea31\" data-id=\"2a4ea31\" data-element_type=\"column\">\n\t\t\t<div class=\"elementor-widget-wrap elementor-element-populated\">\n\t\t\t\t\t\t\t\t<div class=\"elementor-element elementor-element-7e5ed86 elementor-widget elementor-widget-tp-shape-divider\" data-id=\"7e5ed86\" data-element_type=\"widget\" data-widget_type=\"tp-shape-divider.default\">\n\t\t\t\t<div class=\"elementor-widget-container\">\n\t\t\t<div id=\"shape7e5ed86\" class=\"tp-plus-shape-divider shape-wave shape7e5ed86 shape-bottom\" data-id=\"shape7e5ed86\" data-position=\"bottom\" data-section-type=\"row\"><svg class=\"wave-items gradient-color elementor-repeater-item-9e735ad\" width=\"100%\" height=\"30\" version=\"1.1\" xmlns=\"http:\/\/www.w3.org\/2000\/svg\" data-color=\"#EC2472B3\" data-height=\"30\" data-bones=\"3\" data-amplitude=\"60\" data-speed=\"0.05\" data-gradient-id=\"#gradient_9e735ad\"><defs><lineargradient id=\"gradient_9e735ad\" x1=\"0%\" x2=\"70%\" y1=\"0%\" y2=\"50%\"><stop offset=\"0%\" stop-color=\"#EC2472B3\"  \/><stop offset=\"100%\" stop-color=\"#F6922CB0\" \/><\/lineargradient><\/defs><path id=\"wave-9e735ad\" d=\"\" \/><\/svg><svg class=\"wave-items gradient-color elementor-repeater-item-f319494\" width=\"100%\" height=\"30\" version=\"1.1\" xmlns=\"http:\/\/www.w3.org\/2000\/svg\" data-color=\"#EC2472C2\" data-height=\"30\" data-bones=\"3\" data-amplitude=\"60\" data-speed=\"0.05\" data-gradient-id=\"#gradient_f319494\"><defs><lineargradient id=\"gradient_f319494\" x1=\"0%\" x2=\"70%\" y1=\"0%\" y2=\"50%\"><stop offset=\"0%\" stop-color=\"#EC2472C2\"  \/><stop offset=\"100%\" stop-color=\"#F3921ABA\" \/><\/lineargradient><\/defs><path id=\"wave-f319494\" d=\"\" \/><\/svg><svg class=\"wave-items gradient-color elementor-repeater-item-310fb77\" width=\"100%\" height=\"20\" version=\"1.1\" xmlns=\"http:\/\/www.w3.org\/2000\/svg\" data-color=\"#EC2472\" data-height=\"20\" data-bones=\"3\" data-amplitude=\"65\" data-speed=\"0.04\" data-gradient-id=\"#gradient_310fb77\"><defs><lineargradient id=\"gradient_310fb77\" x1=\"10%\" x2=\"85%\" y1=\"0%\" y2=\"0%\"><stop offset=\"0%\" stop-color=\"#EC2472\"  \/><stop offset=\"100%\" stop-color=\"#F6922C\" \/><\/lineargradient><\/defs><path id=\"wave-310fb77\" d=\"\" \/><\/svg><\/div>\t\t<\/div>\n\t\t\t\t<\/div>\n\t\t\t\t\t<\/div>\n\t\t<\/div>\n\t\t\t\t\t\t\t<\/div>\n\t\t<\/section>\n\t\t\t\t<section class=\"elementor-section elementor-top-section elementor-element elementor-element-8b41d96 elementor-section-height-min-height elementor-section-boxed elementor-section-height-default elementor-section-items-middle\" data-id=\"8b41d96\" data-element_type=\"section\" data-settings=\"{&quot;background_background&quot;:&quot;slideshow&quot;,&quot;background_slideshow_gallery&quot;:[{&quot;id&quot;:3379,&quot;url&quot;:&quot;https:\\\/\\\/funacademycampus.fi\\\/wp-content\\\/uploads\\\/2023\\\/01\\\/Home4.jpg&quot;},{&quot;id&quot;:3380,&quot;url&quot;:&quot;https:\\\/\\\/funacademycampus.fi\\\/wp-content\\\/uploads\\\/2023\\\/01\\\/Home5.jpg&quot;},{&quot;id&quot;:3378,&quot;url&quot;:&quot;https:\\\/\\\/funacademycampus.fi\\\/wp-content\\\/uploads\\\/2023\\\/01\\\/Home3.jpg&quot;},{&quot;id&quot;:3377,&quot;url&quot;:&quot;https:\\\/\\\/funacademycampus.fi\\\/wp-content\\\/uploads\\\/2023\\\/01\\\/Home2.jpg&quot;},{&quot;id&quot;:3376,&quot;url&quot;:&quot;https:\\\/\\\/funacademycampus.fi\\\/wp-content\\\/uploads\\\/2023\\\/01\\\/Home1.jpg&quot;}],&quot;background_slideshow_ken_burns&quot;:&quot;yes&quot;,&quot;background_slideshow_loop&quot;:&quot;yes&quot;,&quot;background_slideshow_slide_duration&quot;:5000,&quot;background_slideshow_slide_transition&quot;:&quot;fade&quot;,&quot;background_slideshow_transition_duration&quot;:500,&quot;background_slideshow_ken_burns_zoom_direction&quot;:&quot;in&quot;}\">\n\t\t\t\t\t\t<div class=\"elementor-container elementor-column-gap-default\">\n\t\t\t\t\t<div class=\"elementor-column elementor-col-100 elementor-top-column elementor-element elementor-element-f38652e\" data-id=\"f38652e\" data-element_type=\"column\">\n\t\t\t<div class=\"elementor-widget-wrap\">\n\t\t\t\t\t\t\t\t\t<\/div>\n\t\t<\/div>\n\t\t\t\t\t\t\t<\/div>\n\t\t<\/section>\n\t\t\t\t<section class=\"elementor-section elementor-top-section elementor-element elementor-element-d0e88bc elementor-section-boxed elementor-section-height-default elementor-section-height-default\" data-id=\"d0e88bc\" data-element_type=\"section\">\n\t\t\t\t\t\t<div class=\"elementor-container elementor-column-gap-default\">\n\t\t\t\t\t<div class=\"elementor-column elementor-col-100 elementor-top-column elementor-element elementor-element-c5b4727\" data-id=\"c5b4727\" data-element_type=\"column\">\n\t\t\t<div class=\"elementor-widget-wrap elementor-element-populated\">\n\t\t\t\t\t\t\t\t<div class=\"elementor-element elementor-element-178627d elementor-widget elementor-widget-heading\" data-id=\"178627d\" data-element_type=\"widget\" data-widget_type=\"heading.default\">\n\t\t\t\t<div class=\"elementor-widget-container\">\n\t\t\t<h1 class=\"elementor-heading-title elementor-size-default\">Fun Academy Campus<\/h1>\t\t<\/div>\n\t\t\t\t<\/div>\n\t\t\t\t\t<\/div>\n\t\t<\/div>\n\t\t\t\t\t\t\t<\/div>\n\t\t<\/section>\n\t\t\t\t<section class=\"elementor-section elementor-top-section elementor-element elementor-element-49d1559 elementor-section-boxed elementor-section-height-default elementor-section-height-default\" data-id=\"49d1559\" data-element_type=\"section\">\n\t\t\t\t\t\t<div class=\"elementor-container elementor-column-gap-default\">\n\t\t\t\t\t<div class=\"elementor-column elementor-col-100 elementor-top-column elementor-element elementor-element-7ff4290\" data-id=\"7ff4290\" data-element_type=\"column\">\n\t\t\t<div class=\"elementor-widget-wrap elementor-element-populated\">\n\t\t\t\t\t\t\t\t<div class=\"elementor-element elementor-element-353ffb5 elementor-widget elementor-widget-text-editor\" data-id=\"353ffb5\" data-element_type=\"widget\" data-widget_type=\"text-editor.default\">\n\t\t\t\t<div class=\"elementor-widget-container\">\n\t\t\t\t\t\t\t<p>Fun Academy Campus on kurssialusta opettajille ja huoltajille. Kolmivaiheinen kurssirakenne on selke\u00e4 ja systemaattinen. Kirjoittamasi teht\u00e4v\u00e4vastaukset kootaan tyylikk\u00e4\u00e4ksi tulostettavaksi pdf-muistioksi, joka auttaa sinua siirt\u00e4m\u00e4\u00e4n oppeja ja oivalluksia p\u00e4ivitt\u00e4iseen arkeesi.<\/p>\t\t\t\t\t\t<\/div>\n\t\t\t\t<\/div>\n\t\t\t\t\t<\/div>\n\t\t<\/div>\n\t\t\t\t\t\t\t<\/div>\n\t\t<\/section>\n\t\t\t\t<section class=\"elementor-section elementor-top-section elementor-element elementor-element-36d0ef4 elementor-section-content-space-evenly elementor-section-boxed elementor-section-height-default elementor-section-height-default\" data-id=\"36d0ef4\" data-element_type=\"section\">\n\t\t\t\t\t\t<div class=\"elementor-container elementor-column-gap-default\">\n\t\t\t\t\t<div class=\"elementor-column elementor-col-33 elementor-top-column elementor-element elementor-element-3abfcd5\" data-id=\"3abfcd5\" data-element_type=\"column\">\n\t\t\t<div class=\"elementor-widget-wrap elementor-element-populated\">\n\t\t\t\t\t\t\t\t<div class=\"elementor-element elementor-element-c3bca58 elementor-align-right elementor-widget elementor-widget-button\" data-id=\"c3bca58\" data-element_type=\"widget\" data-widget_type=\"button.default\">\n\t\t\t\t<div class=\"elementor-widget-container\">\n\t\t\t\t\t<div class=\"elementor-button-wrapper\">\n\t\t\t<a href=\"#\" class=\"elementor-button-link elementor-button elementor-size-md\" role=\"button\">\n\t\t\t\t\t\t<span class=\"elementor-button-content-wrapper\">\n\t\t\t\t\t\t<span class=\"elementor-button-text\">HUOLTAJA<\/span>\n\t\t<\/span>\n\t\t\t\t\t<\/a>\n\t\t<\/div>\n\t\t\t\t<\/div>\n\t\t\t\t<\/div>\n\t\t\t\t\t<\/div>\n\t\t<\/div>\n\t\t\t\t<div class=\"elementor-column elementor-col-33 elementor-top-column elementor-element elementor-element-a513091\" data-id=\"a513091\" data-element_type=\"column\">\n\t\t\t<div class=\"elementor-widget-wrap\">\n\t\t\t\t\t\t\t\t\t<\/div>\n\t\t<\/div>\n\t\t\t\t<div class=\"elementor-column elementor-col-33 elementor-top-column elementor-element elementor-element-a4dada8\" data-id=\"a4dada8\" data-element_type=\"column\">\n\t\t\t<div class=\"elementor-widget-wrap elementor-element-populated\">\n\t\t\t\t\t\t\t\t<div class=\"elementor-element elementor-element-6343293 elementor-align-left elementor-mobile-align-left elementor-widget elementor-widget-button\" data-id=\"6343293\" data-element_type=\"widget\" data-widget_type=\"button.default\">\n\t\t\t\t<div class=\"elementor-widget-container\">\n\t\t\t\t\t<div class=\"elementor-button-wrapper\">\n\t\t\t<a href=\"https:\/\/funacademycampus.fi\/fi\/home\/courses\/\" class=\"elementor-button-link elementor-button elementor-size-md\" role=\"button\">\n\t\t\t\t\t\t<span class=\"elementor-button-content-wrapper\">\n\t\t\t\t\t\t<span class=\"elementor-button-text\">OPETTAJA<\/span>\n\t\t<\/span>\n\t\t\t\t\t<\/a>\n\t\t<\/div>\n\t\t\t\t<\/div>\n\t\t\t\t<\/div>\n\t\t\t\t\t<\/div>\n\t\t<\/div>\n\t\t\t\t\t\t\t<\/div>\n\t\t<\/section>\n\t\t\t\t<section class=\"elementor-section elementor-top-section elementor-element elementor-element-9083f22 elementor-section-boxed elementor-section-height-default elementor-section-height-default\" data-id=\"9083f22\" data-element_type=\"section\">\n\t\t\t\t\t\t<div class=\"elementor-container elementor-column-gap-default\">\n\t\t\t\t\t<div class=\"elementor-column elementor-col-100 elementor-top-column elementor-element elementor-element-5cd5e1d\" data-id=\"5cd5e1d\" data-element_type=\"column\">\n\t\t\t<div class=\"elementor-widget-wrap elementor-element-populated\">\n\t\t\t\t\t\t\t\t<div class=\"elementor-element elementor-element-dff32d8 elementor-widget elementor-widget-spacer\" data-id=\"dff32d8\" data-element_type=\"widget\" data-widget_type=\"spacer.default\">\n\t\t\t\t<div class=\"elementor-widget-container\">\n\t\t\t\t\t<div class=\"elementor-spacer\">\n\t\t\t<div class=\"elementor-spacer-inner\"><\/div>\n\t\t<\/div>\n\t\t\t\t<\/div>\n\t\t\t\t<\/div>\n\t\t\t\t\t<\/div>\n\t\t<\/div>\n\t\t\t\t\t\t\t<\/div>\n\t\t<\/section>\n\t\t\t\t<section class=\"elementor-section elementor-top-section elementor-element elementor-element-e9e7820 elementor-section-boxed elementor-section-height-default elementor-section-height-default\" data-id=\"e9e7820\" data-element_type=\"section\">\n\t\t\t\t\t\t<div class=\"elementor-container elementor-column-gap-default\">\n\t\t\t\t\t<div class=\"elementor-column elementor-col-100 elementor-top-column elementor-element elementor-element-8114ae7\" data-id=\"8114ae7\" data-element_type=\"column\">\n\t\t\t<div class=\"elementor-widget-wrap elementor-element-populated\">\n\t\t\t\t\t\t\t\t<div class=\"elementor-element elementor-element-03b5345 elementor-widget elementor-widget-image\" data-id=\"03b5345\" data-element_type=\"widget\" data-widget_type=\"image.default\">\n\t\t\t\t<div class=\"elementor-widget-container\">\n\t\t\t\t\t\t\t\t\t\t\t\t\t\t\t<img decoding=\"async\" width=\"300\" height=\"241\" src=\"https:\/\/funacademycampus.fi\/wp-content\/uploads\/2023\/01\/Kip-crew-300x241.png\" class=\"attachment-medium size-medium wp-image-3386\" alt=\"\" srcset=\"https:\/\/funacademycampus.fi\/wp-content\/uploads\/2023\/01\/Kip-crew-300x241.png 300w, https:\/\/funacademycampus.fi\/wp-content\/uploads\/2023\/01\/Kip-crew-768x617.png 768w, https:\/\/funacademycampus.fi\/wp-content\/uploads\/2023\/01\/Kip-crew-15x12.png 15w, https:\/\/funacademycampus.fi\/wp-content\/uploads\/2023\/01\/Kip-crew-500x401.png 500w, https:\/\/funacademycampus.fi\/wp-content\/uploads\/2023\/01\/Kip-crew-800x642.png 800w, https:\/\/funacademycampus.fi\/wp-content\/uploads\/2023\/01\/Kip-crew-600x482.png 600w, https:\/\/funacademycampus.fi\/wp-content\/uploads\/2023\/01\/Kip-crew.png 964w\" sizes=\"(max-width: 300px) 100vw, 300px\" \/>\t\t\t\t\t\t\t\t\t\t\t\t\t\t\t<\/div>\n\t\t\t\t<\/div>\n\t\t\t\t\t<\/div>\n\t\t<\/div>\n\t\t\t\t\t\t\t<\/div>\n\t\t<\/section>\n\t\t\t\t\t\t\t<\/div>","protected":false},"excerpt":{"rendered":"<p>Fun Academy Campus Fun Academy Campus on kurssialusta opettajille ja huoltajille. Kolmivaiheinen kurssirakenne on selke\u00e4 ja systemaattinen. Kirjoittamasi teht\u00e4v\u00e4vastaukset kootaan tyylikk\u00e4\u00e4ksi tulostettavaksi pdf-muistioksi, joka auttaa sinua siirt\u00e4m\u00e4\u00e4n oppeja ja oivalluksia p\u00e4ivitt\u00e4iseen arkeesi. HUOLTAJA OPETTAJA<\/p>","protected":false},"author":1,"featured_media":0,"parent":0,"menu_order":0,"comment_status":"closed","ping_status":"closed","template":"elementor_header_footer","meta":{"_vp_format_video_url":"","_vp_image_focal_point":[],"_vp_format_audio_url":"","_vp_custom_thumbnail":0,"_vp_hover_thumbnail":0,"_vp_hover_thumbnail_focal_point":[],"footnotes":""},"class_list":["post-3372","page","type-page","status-publish","hentry","entry","owp-thumbs-layout-horizontal","owp-btn-normal","owp-tabs-layout-horizontal","has-no-thumbnails","has-product-nav"],"yoast_head":"<!-- This site is optimized with the Yoast SEO plugin v19.14 - https:\/\/yoast.com\/wordpress\/plugins\/seo\/ -->\n<title>Home - Fun Academy<\/title>\n<meta name=\"robots\" content=\"index, follow, max-snippet:-1, max-image-preview:large, max-video-preview:-1\" \/>\n<link rel=\"canonical\" href=\"https:\/\/funacademycampus.fi\/fi\/\" \/>\n<meta property=\"og:locale\" content=\"fi_FI\" \/>\n<meta property=\"og:type\" content=\"article\" \/>\n<meta property=\"og:title\" content=\"Home - Fun Academy\" \/>\n<meta property=\"og:description\" content=\"Fun Academy Campus Fun Academy Campus on kurssialusta opettajille ja huoltajille. Kolmivaiheinen kurssirakenne on selke\u00e4 ja systemaattinen. Kirjoittamasi teht\u00e4v\u00e4vastaukset kootaan tyylikk\u00e4\u00e4ksi tulostettavaksi pdf-muistioksi, joka auttaa sinua siirt\u00e4m\u00e4\u00e4n oppeja ja oivalluksia p\u00e4ivitt\u00e4iseen arkeesi. HUOLTAJA OPETTAJA\" \/>\n<meta property=\"og:url\" content=\"https:\/\/funacademycampus.fi\/fi\/\" \/>\n<meta property=\"og:site_name\" content=\"Fun Academy\" \/>\n<meta property=\"article:modified_time\" content=\"2023-01-23T20:34:57+00:00\" \/>\n<meta property=\"og:image\" content=\"https:\/\/funacademycampus.fi\/wp-content\/uploads\/2023\/01\/Kip-crew-300x241.png\" \/>\n<meta name=\"twitter:card\" content=\"summary_large_image\" \/>\n<meta name=\"twitter:label1\" content=\"Arvioitu lukuaika\" \/>\n\t<meta name=\"twitter:data1\" content=\"1 minuutti\" \/>\n<script type=\"application\/ld+json\" class=\"yoast-schema-graph\">{\"@context\":\"https:\/\/schema.org\",\"@graph\":[{\"@type\":\"WebPage\",\"@id\":\"https:\/\/funacademycampus.fi\/\",\"url\":\"https:\/\/funacademycampus.fi\/\",\"name\":\"Home - Fun Academy\",\"isPartOf\":{\"@id\":\"https:\/\/funacademycampus.fi\/#website\"},\"datePublished\":\"2023-01-20T15:33:37+00:00\",\"dateModified\":\"2023-01-23T20:34:57+00:00\",\"breadcrumb\":{\"@id\":\"https:\/\/funacademycampus.fi\/#breadcrumb\"},\"inLanguage\":\"fi\",\"potentialAction\":[{\"@type\":\"ReadAction\",\"target\":[\"https:\/\/funacademycampus.fi\/\"]}]},{\"@type\":\"BreadcrumbList\",\"@id\":\"https:\/\/funacademycampus.fi\/#breadcrumb\",\"itemListElement\":[{\"@type\":\"ListItem\",\"position\":1,\"name\":\"Home\",\"item\":\"https:\/\/funacademycampus.fi\/\"},{\"@type\":\"ListItem\",\"position\":2,\"name\":\"Home\"}]},{\"@type\":\"WebSite\",\"@id\":\"https:\/\/funacademycampus.fi\/#website\",\"url\":\"https:\/\/funacademycampus.fi\/\",\"name\":\"Fun Academy\",\"description\":\"Finland Kindergarten Online Learning Platform\",\"publisher\":{\"@id\":\"https:\/\/funacademycampus.fi\/#organization\"},\"potentialAction\":[{\"@type\":\"SearchAction\",\"target\":{\"@type\":\"EntryPoint\",\"urlTemplate\":\"https:\/\/funacademycampus.fi\/?s={search_term_string}\"},\"query-input\":\"required name=search_term_string\"}],\"inLanguage\":\"fi\"},{\"@type\":\"Organization\",\"@id\":\"https:\/\/funacademycampus.fi\/#organization\",\"name\":\"Fun Academy\",\"url\":\"https:\/\/funacademycampus.fi\/\",\"logo\":{\"@type\":\"ImageObject\",\"inLanguage\":\"fi\",\"@id\":\"https:\/\/funacademycampus.fi\/#\/schema\/logo\/image\/\",\"url\":\"https:\/\/funacademycampus.fi\/wp-content\/uploads\/2021\/05\/FA-Logo-White-1.png\",\"contentUrl\":\"https:\/\/funacademycampus.fi\/wp-content\/uploads\/2021\/05\/FA-Logo-White-1.png\",\"width\":1299,\"height\":512,\"caption\":\"Fun Academy\"},\"image\":{\"@id\":\"https:\/\/funacademycampus.fi\/#\/schema\/logo\/image\/\"}}]}<\/script>\n<!-- \/ Yoast SEO plugin. -->","yoast_head_json":{"title":"Home - Fun Academy","robots":{"index":"index","follow":"follow","max-snippet":"max-snippet:-1","max-image-preview":"max-image-preview:large","max-video-preview":"max-video-preview:-1"},"canonical":"https:\/\/funacademycampus.fi\/fi\/","og_locale":"fi_FI","og_type":"article","og_title":"Home - Fun Academy","og_description":"Fun Academy Campus Fun Academy Campus on kurssialusta opettajille ja huoltajille. Kolmivaiheinen kurssirakenne on selke\u00e4 ja systemaattinen. Kirjoittamasi teht\u00e4v\u00e4vastaukset kootaan tyylikk\u00e4\u00e4ksi tulostettavaksi pdf-muistioksi, joka auttaa sinua siirt\u00e4m\u00e4\u00e4n oppeja ja oivalluksia p\u00e4ivitt\u00e4iseen arkeesi. HUOLTAJA OPETTAJA","og_url":"https:\/\/funacademycampus.fi\/fi\/","og_site_name":"Fun Academy","article_modified_time":"2023-01-23T20:34:57+00:00","og_image":[{"url":"https:\/\/funacademycampus.fi\/wp-content\/uploads\/2023\/01\/Kip-crew-300x241.png"}],"twitter_card":"summary_large_image","twitter_misc":{"Arvioitu lukuaika":"1 minuutti"},"schema":{"@context":"https:\/\/schema.org","@graph":[{"@type":"WebPage","@id":"https:\/\/funacademycampus.fi\/","url":"https:\/\/funacademycampus.fi\/","name":"Home - Fun Academy","isPartOf":{"@id":"https:\/\/funacademycampus.fi\/#website"},"datePublished":"2023-01-20T15:33:37+00:00","dateModified":"2023-01-23T20:34:57+00:00","breadcrumb":{"@id":"https:\/\/funacademycampus.fi\/#breadcrumb"},"inLanguage":"fi","potentialAction":[{"@type":"ReadAction","target":["https:\/\/funacademycampus.fi\/"]}]},{"@type":"BreadcrumbList","@id":"https:\/\/funacademycampus.fi\/#breadcrumb","itemListElement":[{"@type":"ListItem","position":1,"name":"Home","item":"https:\/\/funacademycampus.fi\/"},{"@type":"ListItem","position":2,"name":"Home"}]},{"@type":"WebSite","@id":"https:\/\/funacademycampus.fi\/#website","url":"https:\/\/funacademycampus.fi\/","name":"Fun Academy","description":"Finland Kindergarten Online Learning Platform","publisher":{"@id":"https:\/\/funacademycampus.fi\/#organization"},"potentialAction":[{"@type":"SearchAction","target":{"@type":"EntryPoint","urlTemplate":"https:\/\/funacademycampus.fi\/?s={search_term_string}"},"query-input":"required name=search_term_string"}],"inLanguage":"fi"},{"@type":"Organization","@id":"https:\/\/funacademycampus.fi\/#organization","name":"Fun Academy","url":"https:\/\/funacademycampus.fi\/","logo":{"@type":"ImageObject","inLanguage":"fi","@id":"https:\/\/funacademycampus.fi\/#\/schema\/logo\/image\/","url":"https:\/\/funacademycampus.fi\/wp-content\/uploads\/2021\/05\/FA-Logo-White-1.png","contentUrl":"https:\/\/funacademycampus.fi\/wp-content\/uploads\/2021\/05\/FA-Logo-White-1.png","width":1299,"height":512,"caption":"Fun Academy"},"image":{"@id":"https:\/\/funacademycampus.fi\/#\/schema\/logo\/image\/"}}]}},"_links":{"self":[{"href":"https:\/\/funacademycampus.fi\/fi\/wp-json\/wp\/v2\/pages\/3372","targetHints":{"allow":["GET"]}}],"collection":[{"href":"https:\/\/funacademycampus.fi\/fi\/wp-json\/wp\/v2\/pages"}],"about":[{"href":"https:\/\/funacademycampus.fi\/fi\/wp-json\/wp\/v2\/types\/page"}],"author":[{"embeddable":true,"href":"https:\/\/funacademycampus.fi\/fi\/wp-json\/wp\/v2\/users\/1"}],"replies":[{"embeddable":true,"href":"https:\/\/funacademycampus.fi\/fi\/wp-json\/wp\/v2\/comments?post=3372"}],"version-history":[{"count":56,"href":"https:\/\/funacademycampus.fi\/fi\/wp-json\/wp\/v2\/pages\/3372\/revisions"}],"predecessor-version":[{"id":3892,"href":"https:\/\/funacademycampus.fi\/fi\/wp-json\/wp\/v2\/pages\/3372\/revisions\/3892"}],"wp:attachment":[{"href":"https:\/\/funacademycampus.fi\/fi\/wp-json\/wp\/v2\/media?parent=3372"}],"curies":[{"name":"wp","href":"https:\/\/api.w.org\/{rel}","templated":true}]}}