{"id":3521,"date":"2023-01-22T19:18:51","date_gmt":"2023-01-22T19:18:51","guid":{"rendered":"https:\/\/funacademycampus.fi\/?page_id=3521"},"modified":"2023-01-26T16:13:56","modified_gmt":"2023-01-26T16:13:56","slug":"tinyapp_johdanto","status":"publish","type":"page","link":"https:\/\/funacademycampus.fi\/fi\/home\/courses\/tinyapp_johdanto\/","title":{"rendered":"TinyApp_Johdanto"},"content":{"rendered":"<div data-elementor-type=\"wp-page\" data-elementor-id=\"3521\" class=\"elementor elementor-3521\">\n\t\t\t\t\t\t\t\t\t<section class=\"elementor-section elementor-top-section elementor-element elementor-element-6579a1d elementor-section-height-min-height elementor-section-boxed elementor-section-height-default elementor-section-items-middle\" data-id=\"6579a1d\" data-element_type=\"section\" data-settings=\"{&quot;background_background&quot;:&quot;classic&quot;}\">\n\t\t\t\t\t\t<div class=\"elementor-container elementor-column-gap-default\">\n\t\t\t\t\t<div class=\"elementor-column elementor-col-100 elementor-top-column elementor-element elementor-element-2a4ea31\" data-id=\"2a4ea31\" data-element_type=\"column\">\n\t\t\t<div class=\"elementor-widget-wrap elementor-element-populated\">\n\t\t\t\t\t\t\t\t<div class=\"elementor-element elementor-element-7e5ed86 elementor-widget elementor-widget-tp-shape-divider\" data-id=\"7e5ed86\" data-element_type=\"widget\" data-widget_type=\"tp-shape-divider.default\">\n\t\t\t\t<div class=\"elementor-widget-container\">\n\t\t\t<div id=\"shape7e5ed86\" class=\"tp-plus-shape-divider shape-wave shape7e5ed86 shape-bottom\" data-id=\"shape7e5ed86\" data-position=\"bottom\" data-section-type=\"row\"><svg class=\"wave-items gradient-color elementor-repeater-item-9e735ad\" width=\"100%\" height=\"30\" version=\"1.1\" xmlns=\"http:\/\/www.w3.org\/2000\/svg\" data-color=\"#EC2472B3\" data-height=\"30\" data-bones=\"3\" data-amplitude=\"60\" data-speed=\"0.05\" data-gradient-id=\"#gradient_9e735ad\"><defs><lineargradient id=\"gradient_9e735ad\" x1=\"0%\" x2=\"70%\" y1=\"0%\" y2=\"50%\"><stop offset=\"0%\" stop-color=\"#EC2472B3\"  \/><stop offset=\"100%\" stop-color=\"#F6922CB0\" \/><\/lineargradient><\/defs><path id=\"wave-9e735ad\" d=\"\" \/><\/svg><svg class=\"wave-items gradient-color elementor-repeater-item-f319494\" width=\"100%\" height=\"30\" version=\"1.1\" xmlns=\"http:\/\/www.w3.org\/2000\/svg\" data-color=\"#EC2472C2\" data-height=\"30\" data-bones=\"3\" data-amplitude=\"60\" data-speed=\"0.05\" data-gradient-id=\"#gradient_f319494\"><defs><lineargradient id=\"gradient_f319494\" x1=\"0%\" x2=\"70%\" y1=\"0%\" y2=\"50%\"><stop offset=\"0%\" stop-color=\"#EC2472C2\"  \/><stop offset=\"100%\" stop-color=\"#F3921ABA\" \/><\/lineargradient><\/defs><path id=\"wave-f319494\" d=\"\" \/><\/svg><svg class=\"wave-items gradient-color elementor-repeater-item-310fb77\" width=\"100%\" height=\"20\" version=\"1.1\" xmlns=\"http:\/\/www.w3.org\/2000\/svg\" data-color=\"#EC2472\" data-height=\"20\" data-bones=\"3\" data-amplitude=\"65\" data-speed=\"0.04\" data-gradient-id=\"#gradient_310fb77\"><defs><lineargradient id=\"gradient_310fb77\" x1=\"10%\" x2=\"85%\" y1=\"0%\" y2=\"0%\"><stop offset=\"0%\" stop-color=\"#EC2472\"  \/><stop offset=\"100%\" stop-color=\"#F6922C\" \/><\/lineargradient><\/defs><path id=\"wave-310fb77\" d=\"\" \/><\/svg><\/div>\t\t<\/div>\n\t\t\t\t<\/div>\n\t\t\t\t\t<\/div>\n\t\t<\/div>\n\t\t\t\t\t\t\t<\/div>\n\t\t<\/section>\n\t\t\t\t<section class=\"elementor-section elementor-top-section elementor-element elementor-element-8b41d96 elementor-section-height-min-height elementor-section-boxed elementor-section-height-default elementor-section-items-middle\" data-id=\"8b41d96\" data-element_type=\"section\" data-settings=\"{&quot;background_background&quot;:&quot;slideshow&quot;,&quot;background_slideshow_gallery&quot;:[{&quot;id&quot;:3523,&quot;url&quot;:&quot;https:\\\/\\\/funacademycampus.fi\\\/wp-content\\\/uploads\\\/2023\\\/01\\\/Pic2.jpeg&quot;}],&quot;background_slideshow_ken_burns&quot;:&quot;yes&quot;,&quot;background_slideshow_slide_duration&quot;:5000,&quot;background_slideshow_slide_transition&quot;:&quot;fade&quot;,&quot;background_slideshow_transition_duration&quot;:500,&quot;background_slideshow_ken_burns_zoom_direction&quot;:&quot;in&quot;}\">\n\t\t\t\t\t\t<div class=\"elementor-container elementor-column-gap-default\">\n\t\t\t\t\t<div class=\"elementor-column elementor-col-100 elementor-top-column elementor-element elementor-element-f38652e\" data-id=\"f38652e\" data-element_type=\"column\" data-settings=\"{&quot;background_background&quot;:&quot;slideshow&quot;,&quot;background_slideshow_gallery&quot;:[],&quot;background_slideshow_loop&quot;:&quot;yes&quot;,&quot;background_slideshow_slide_duration&quot;:5000,&quot;background_slideshow_slide_transition&quot;:&quot;fade&quot;,&quot;background_slideshow_transition_duration&quot;:500}\">\n\t\t\t<div class=\"elementor-widget-wrap\">\n\t\t\t\t\t\t\t\t\t<\/div>\n\t\t<\/div>\n\t\t\t\t\t\t\t<\/div>\n\t\t<\/section>\n\t\t\t\t<section class=\"elementor-section elementor-top-section elementor-element elementor-element-cef8384 elementor-section-boxed elementor-section-height-default elementor-section-height-default\" data-id=\"cef8384\" data-element_type=\"section\">\n\t\t\t\t\t\t<div class=\"elementor-container elementor-column-gap-default\">\n\t\t\t\t\t<div class=\"elementor-column elementor-col-100 elementor-top-column elementor-element elementor-element-53ff21b\" data-id=\"53ff21b\" data-element_type=\"column\">\n\t\t\t<div class=\"elementor-widget-wrap elementor-element-populated\">\n\t\t\t\t\t\t\t\t<div class=\"elementor-element elementor-element-114ae31 elementor-widget elementor-widget-heading\" data-id=\"114ae31\" data-element_type=\"widget\" data-widget_type=\"heading.default\">\n\t\t\t\t<div class=\"elementor-widget-container\">\n\t\t\t<h1 class=\"elementor-heading-title elementor-size-default\">Osa 1\/2. Johdanto<\/h1>\t\t<\/div>\n\t\t\t\t<\/div>\n\t\t\t\t\t<\/div>\n\t\t<\/div>\n\t\t\t\t\t\t\t<\/div>\n\t\t<\/section>\n\t\t\t\t<section class=\"elementor-section elementor-top-section elementor-element elementor-element-c72abb2 elementor-section-boxed elementor-section-height-default elementor-section-height-default\" data-id=\"c72abb2\" data-element_type=\"section\">\n\t\t\t\t\t\t<div class=\"elementor-container elementor-column-gap-default\">\n\t\t\t\t\t<div class=\"elementor-column elementor-col-50 elementor-top-column elementor-element elementor-element-8fd91d6\" data-id=\"8fd91d6\" data-element_type=\"column\">\n\t\t\t<div class=\"elementor-widget-wrap elementor-element-populated\">\n\t\t\t\t\t\t\t\t<div class=\"elementor-element elementor-element-1597b0b elementor-widget elementor-widget-heading\" data-id=\"1597b0b\" data-element_type=\"widget\" data-widget_type=\"heading.default\">\n\t\t\t\t<div class=\"elementor-widget-container\">\n\t\t\t<h1 class=\"elementor-heading-title elementor-size-default\">Katso<\/h1>\t\t<\/div>\n\t\t\t\t<\/div>\n\t\t\t\t<div class=\"elementor-element elementor-element-97e15bd elementor-widget elementor-widget-heading\" data-id=\"97e15bd\" data-element_type=\"widget\" data-widget_type=\"heading.default\">\n\t\t\t\t<div class=\"elementor-widget-container\">\n\t\t\t<h5 class=\"elementor-heading-title elementor-size-default\">Videoteht\u00e4v\u00e4<\/h5>\t\t<\/div>\n\t\t\t\t<\/div>\n\t\t\t\t\t<\/div>\n\t\t<\/div>\n\t\t\t\t<div class=\"elementor-column elementor-col-50 elementor-top-column elementor-element elementor-element-d966c68\" data-id=\"d966c68\" data-element_type=\"column\">\n\t\t\t<div class=\"elementor-widget-wrap\">\n\t\t\t\t\t\t\t\t\t<\/div>\n\t\t<\/div>\n\t\t\t\t\t\t\t<\/div>\n\t\t<\/section>\n\t\t\t\t<section class=\"elementor-section elementor-top-section elementor-element elementor-element-2d02e7a elementor-section-boxed elementor-section-height-default elementor-section-height-default\" data-id=\"2d02e7a\" data-element_type=\"section\">\n\t\t\t\t\t\t<div class=\"elementor-container elementor-column-gap-default\">\n\t\t\t\t\t<div class=\"elementor-column elementor-col-50 elementor-top-column elementor-element elementor-element-2abee5b\" data-id=\"2abee5b\" data-element_type=\"column\">\n\t\t\t<div class=\"elementor-widget-wrap elementor-element-populated\">\n\t\t\t\t\t\t\t\t<div class=\"elementor-element elementor-element-b40d776 elementor-widget elementor-widget-heading\" data-id=\"b40d776\" data-element_type=\"widget\" data-widget_type=\"heading.default\">\n\t\t\t\t<div class=\"elementor-widget-container\">\n\t\t\t<h1 class=\"elementor-heading-title elementor-size-default\">Lue<\/h1>\t\t<\/div>\n\t\t\t\t<\/div>\n\t\t\t\t<div class=\"elementor-element elementor-element-b408765 elementor-widget elementor-widget-heading\" data-id=\"b408765\" data-element_type=\"widget\" data-widget_type=\"heading.default\">\n\t\t\t\t<div class=\"elementor-widget-container\">\n\t\t\t<h5 class=\"elementor-heading-title elementor-size-default\">Tekstiteht\u00e4v\u00e4<\/h5>\t\t<\/div>\n\t\t\t\t<\/div>\n\t\t\t\t\t<\/div>\n\t\t<\/div>\n\t\t\t\t<div class=\"elementor-column elementor-col-50 elementor-top-column elementor-element elementor-element-f3bf15e\" data-id=\"f3bf15e\" data-element_type=\"column\">\n\t\t\t<div class=\"elementor-widget-wrap\">\n\t\t\t\t\t\t\t\t\t<\/div>\n\t\t<\/div>\n\t\t\t\t\t\t\t<\/div>\n\t\t<\/section>\n\t\t\t\t<section class=\"elementor-section elementor-top-section elementor-element elementor-element-5260c17 elementor-section-boxed elementor-section-height-default elementor-section-height-default\" data-id=\"5260c17\" data-element_type=\"section\">\n\t\t\t\t\t\t<div class=\"elementor-container elementor-column-gap-default\">\n\t\t\t\t\t<div class=\"elementor-column elementor-col-50 elementor-top-column elementor-element elementor-element-eeaee34\" data-id=\"eeaee34\" data-element_type=\"column\">\n\t\t\t<div class=\"elementor-widget-wrap elementor-element-populated\">\n\t\t\t\t\t\t\t\t<div class=\"elementor-element elementor-element-d1a106c elementor-widget elementor-widget-heading\" data-id=\"d1a106c\" data-element_type=\"widget\" data-widget_type=\"heading.default\">\n\t\t\t\t<div class=\"elementor-widget-container\">\n\t\t\t<h1 class=\"elementor-heading-title elementor-size-default\">Osallistu<\/h1>\t\t<\/div>\n\t\t\t\t<\/div>\n\t\t\t\t<div class=\"elementor-element elementor-element-aeb9512 elementor-widget elementor-widget-heading\" data-id=\"aeb9512\" data-element_type=\"widget\" data-widget_type=\"heading.default\">\n\t\t\t\t<div class=\"elementor-widget-container\">\n\t\t\t<h5 class=\"elementor-heading-title elementor-size-default\">Webinaari<\/h5>\t\t<\/div>\n\t\t\t\t<\/div>\n\t\t\t\t\t<\/div>\n\t\t<\/div>\n\t\t\t\t<div class=\"elementor-column elementor-col-50 elementor-top-column elementor-element elementor-element-72ad3a1\" data-id=\"72ad3a1\" data-element_type=\"column\">\n\t\t\t<div class=\"elementor-widget-wrap\">\n\t\t\t\t\t\t\t\t\t<\/div>\n\t\t<\/div>\n\t\t\t\t\t\t\t<\/div>\n\t\t<\/section>\n\t\t\t\t<section class=\"elementor-section elementor-top-section elementor-element elementor-element-d0e9a39 elementor-section-boxed elementor-section-height-default elementor-section-height-default\" data-id=\"d0e9a39\" data-element_type=\"section\">\n\t\t\t\t\t\t<div class=\"elementor-container elementor-column-gap-default\">\n\t\t\t\t\t<div class=\"elementor-column elementor-col-33 elementor-top-column elementor-element elementor-element-57cbc7a\" data-id=\"57cbc7a\" data-element_type=\"column\">\n\t\t\t<div class=\"elementor-widget-wrap\">\n\t\t\t\t\t\t\t\t\t<\/div>\n\t\t<\/div>\n\t\t\t\t<div class=\"elementor-column elementor-col-33 elementor-top-column elementor-element elementor-element-a5639c4\" data-id=\"a5639c4\" data-element_type=\"column\">\n\t\t\t<div class=\"elementor-widget-wrap elementor-element-populated\">\n\t\t\t\t\t\t\t\t<div class=\"elementor-element elementor-element-8e9f7af elementor-align-center elementor-widget elementor-widget-button\" data-id=\"8e9f7af\" data-element_type=\"widget\" data-widget_type=\"button.default\">\n\t\t\t\t<div class=\"elementor-widget-container\">\n\t\t\t\t\t<div class=\"elementor-button-wrapper\">\n\t\t\t<a href=\"https:\/\/funacademycampus.fi\/fi\/home\/courses\/tinyapp_video\/\" class=\"elementor-button-link elementor-button elementor-size-md elementor-animation-grow\" role=\"button\">\n\t\t\t\t\t\t<span class=\"elementor-button-content-wrapper\">\n\t\t\t\t\t\t<span class=\"elementor-button-text\">SEURAAVA<\/span>\n\t\t<\/span>\n\t\t\t\t\t<\/a>\n\t\t<\/div>\n\t\t\t\t<\/div>\n\t\t\t\t<\/div>\n\t\t\t\t\t<\/div>\n\t\t<\/div>\n\t\t\t\t<div class=\"elementor-column elementor-col-33 elementor-top-column elementor-element elementor-element-dfe827e\" data-id=\"dfe827e\" data-element_type=\"column\">\n\t\t\t<div class=\"elementor-widget-wrap\">\n\t\t\t\t\t\t\t\t\t<\/div>\n\t\t<\/div>\n\t\t\t\t\t\t\t<\/div>\n\t\t<\/section>\n\t\t\t\t<section class=\"elementor-section elementor-top-section elementor-element elementor-element-c4fd912 elementor-section-boxed elementor-section-height-default elementor-section-height-default\" data-id=\"c4fd912\" data-element_type=\"section\">\n\t\t\t\t\t\t<div class=\"elementor-container elementor-column-gap-default\">\n\t\t\t\t\t<div class=\"elementor-column elementor-col-100 elementor-top-column elementor-element elementor-element-c787a82\" data-id=\"c787a82\" data-element_type=\"column\">\n\t\t\t<div class=\"elementor-widget-wrap elementor-element-populated\">\n\t\t\t\t\t\t\t\t<div class=\"elementor-element elementor-element-872b626 elementor-widget elementor-widget-spacer\" data-id=\"872b626\" data-element_type=\"widget\" data-widget_type=\"spacer.default\">\n\t\t\t\t<div class=\"elementor-widget-container\">\n\t\t\t\t\t<div class=\"elementor-spacer\">\n\t\t\t<div class=\"elementor-spacer-inner\"><\/div>\n\t\t<\/div>\n\t\t\t\t<\/div>\n\t\t\t\t<\/div>\n\t\t\t\t\t<\/div>\n\t\t<\/div>\n\t\t\t\t\t\t\t<\/div>\n\t\t<\/section>\n\t\t\t\t<section class=\"elementor-section elementor-top-section elementor-element elementor-element-cad14fb elementor-section-boxed elementor-section-height-default elementor-section-height-default\" data-id=\"cad14fb\" data-element_type=\"section\">\n\t\t\t\t\t\t<div class=\"elementor-container elementor-column-gap-default\">\n\t\t\t\t\t<div class=\"elementor-column elementor-col-100 elementor-top-column elementor-element elementor-element-d8745e0\" data-id=\"d8745e0\" data-element_type=\"column\">\n\t\t\t<div class=\"elementor-widget-wrap elementor-element-populated\">\n\t\t\t\t\t\t\t\t<div class=\"elementor-element elementor-element-c39def7 elementor-widget elementor-widget-text-editor\" data-id=\"c39def7\" data-element_type=\"widget\" data-widget_type=\"text-editor.default\">\n\t\t\t\t<div class=\"elementor-widget-container\">\n\t\t\t\t\t\t\t<p>Kurssin aikana tuottamasi teht\u00e4v\u00e4vastaukset muodostavat portfolion, jonka voit tulostaa itsellesi PDF-muodossa. Siin\u00e4 n\u00e4et oman ajattelusi kehittymisen, ja saat itsellesi kurssin aiheeseen liittyv\u00e4n ty\u00f6v\u00e4lineen, johon voit palata arjessa.<\/p><p>Jos portfoliossasi on videoita, joita tulosteessa ei n\u00e4e, voit palata niihin my\u00f6hemminkin kirjautumalla Fun Academy Campukselle ja valitsemalla valikosta Omat portfolioni.<\/p>\t\t\t\t\t\t<\/div>\n\t\t\t\t<\/div>\n\t\t\t\t\t<\/div>\n\t\t<\/div>\n\t\t\t\t\t\t\t<\/div>\n\t\t<\/section>\n\t\t\t\t\t\t\t<\/div>","protected":false},"excerpt":{"rendered":"<p>Osa 1\/2. Johdanto Katso Videoteht\u00e4v\u00e4 Lue Tekstiteht\u00e4v\u00e4 Osallistu Webinaari SEURAAVA Kurssin aikana tuottamasi teht\u00e4v\u00e4vastaukset muodostavat portfolion, jonka voit tulostaa itsellesi PDF-muodossa. Siin\u00e4 n\u00e4et oman ajattelusi kehittymisen, ja saat itsellesi kurssin aiheeseen liittyv\u00e4n ty\u00f6v\u00e4lineen, johon voit palata arjessa. Jos portfoliossasi on videoita, joita tulosteessa ei n\u00e4e, voit palata niihin my\u00f6hemminkin kirjautumalla Fun Academy Campukselle ja valitsemalla [&hellip;]<\/p>","protected":false},"author":1,"featured_media":0,"parent":3427,"menu_order":0,"comment_status":"closed","ping_status":"closed","template":"elementor_header_footer","meta":{"_vp_format_video_url":"","_vp_image_focal_point":[],"_vp_format_audio_url":"","_vp_custom_thumbnail":0,"_vp_hover_thumbnail":0,"_vp_hover_thumbnail_focal_point":[],"footnotes":""},"class_list":["post-3521","page","type-page","status-publish","hentry","entry","owp-thumbs-layout-horizontal","owp-btn-normal","owp-tabs-layout-horizontal","has-no-thumbnails","has-product-nav"],"yoast_head":"<!-- This site is optimized with the Yoast SEO plugin v19.14 - https:\/\/yoast.com\/wordpress\/plugins\/seo\/ -->\n<title>TinyApp_Johdanto - Fun Academy<\/title>\n<meta name=\"robots\" content=\"index, follow, max-snippet:-1, max-image-preview:large, max-video-preview:-1\" \/>\n<link rel=\"canonical\" href=\"https:\/\/funacademycampus.fi\/fi\/home\/courses\/tinyapp_johdanto\/\" \/>\n<meta property=\"og:locale\" content=\"fi_FI\" \/>\n<meta property=\"og:type\" content=\"article\" \/>\n<meta property=\"og:title\" content=\"TinyApp_Johdanto - Fun Academy\" \/>\n<meta property=\"og:description\" content=\"Osa 1\/2. Johdanto Katso Videoteht\u00e4v\u00e4 Lue Tekstiteht\u00e4v\u00e4 Osallistu Webinaari SEURAAVA Kurssin aikana tuottamasi teht\u00e4v\u00e4vastaukset muodostavat portfolion, jonka voit tulostaa itsellesi PDF-muodossa. Siin\u00e4 n\u00e4et oman ajattelusi kehittymisen, ja saat itsellesi kurssin aiheeseen liittyv\u00e4n ty\u00f6v\u00e4lineen, johon voit palata arjessa. Jos portfoliossasi on videoita, joita tulosteessa ei n\u00e4e, voit palata niihin my\u00f6hemminkin kirjautumalla Fun Academy Campukselle ja valitsemalla [&hellip;]\" \/>\n<meta property=\"og:url\" content=\"https:\/\/funacademycampus.fi\/fi\/home\/courses\/tinyapp_johdanto\/\" \/>\n<meta property=\"og:site_name\" content=\"Fun Academy\" \/>\n<meta property=\"article:modified_time\" content=\"2023-01-26T16:13:56+00:00\" \/>\n<meta name=\"twitter:card\" content=\"summary_large_image\" \/>\n<meta name=\"twitter:label1\" content=\"Arvioitu lukuaika\" \/>\n\t<meta name=\"twitter:data1\" content=\"1 minuutti\" \/>\n<script type=\"application\/ld+json\" class=\"yoast-schema-graph\">{\"@context\":\"https:\/\/schema.org\",\"@graph\":[{\"@type\":\"WebPage\",\"@id\":\"https:\/\/funacademycampus.fi\/home\/courses\/tinyapp_johdanto\/\",\"url\":\"https:\/\/funacademycampus.fi\/home\/courses\/tinyapp_johdanto\/\",\"name\":\"TinyApp_Johdanto - Fun Academy\",\"isPartOf\":{\"@id\":\"https:\/\/funacademycampus.fi\/#website\"},\"datePublished\":\"2023-01-22T19:18:51+00:00\",\"dateModified\":\"2023-01-26T16:13:56+00:00\",\"breadcrumb\":{\"@id\":\"https:\/\/funacademycampus.fi\/home\/courses\/tinyapp_johdanto\/#breadcrumb\"},\"inLanguage\":\"fi\",\"potentialAction\":[{\"@type\":\"ReadAction\",\"target\":[\"https:\/\/funacademycampus.fi\/home\/courses\/tinyapp_johdanto\/\"]}]},{\"@type\":\"BreadcrumbList\",\"@id\":\"https:\/\/funacademycampus.fi\/home\/courses\/tinyapp_johdanto\/#breadcrumb\",\"itemListElement\":[{\"@type\":\"ListItem\",\"position\":1,\"name\":\"Home\",\"item\":\"https:\/\/funacademycampus.fi\/\"},{\"@type\":\"ListItem\",\"position\":2,\"name\":\"Home\",\"item\":\"https:\/\/funacademycampus.fi\/\"},{\"@type\":\"ListItem\",\"position\":3,\"name\":\"courses\",\"item\":\"https:\/\/funacademycampus.fi\/home\/courses\/\"},{\"@type\":\"ListItem\",\"position\":4,\"name\":\"TinyApp_Johdanto\"}]},{\"@type\":\"WebSite\",\"@id\":\"https:\/\/funacademycampus.fi\/#website\",\"url\":\"https:\/\/funacademycampus.fi\/\",\"name\":\"Fun Academy\",\"description\":\"Finland Kindergarten Online Learning Platform\",\"publisher\":{\"@id\":\"https:\/\/funacademycampus.fi\/#organization\"},\"potentialAction\":[{\"@type\":\"SearchAction\",\"target\":{\"@type\":\"EntryPoint\",\"urlTemplate\":\"https:\/\/funacademycampus.fi\/?s={search_term_string}\"},\"query-input\":\"required name=search_term_string\"}],\"inLanguage\":\"fi\"},{\"@type\":\"Organization\",\"@id\":\"https:\/\/funacademycampus.fi\/#organization\",\"name\":\"Fun Academy\",\"url\":\"https:\/\/funacademycampus.fi\/\",\"logo\":{\"@type\":\"ImageObject\",\"inLanguage\":\"fi\",\"@id\":\"https:\/\/funacademycampus.fi\/#\/schema\/logo\/image\/\",\"url\":\"https:\/\/funacademycampus.fi\/wp-content\/uploads\/2021\/05\/FA-Logo-White-1.png\",\"contentUrl\":\"https:\/\/funacademycampus.fi\/wp-content\/uploads\/2021\/05\/FA-Logo-White-1.png\",\"width\":1299,\"height\":512,\"caption\":\"Fun Academy\"},\"image\":{\"@id\":\"https:\/\/funacademycampus.fi\/#\/schema\/logo\/image\/\"}}]}<\/script>\n<!-- \/ Yoast SEO plugin. -->","yoast_head_json":{"title":"TinyApp_Johdanto - Fun Academy","robots":{"index":"index","follow":"follow","max-snippet":"max-snippet:-1","max-image-preview":"max-image-preview:large","max-video-preview":"max-video-preview:-1"},"canonical":"https:\/\/funacademycampus.fi\/fi\/home\/courses\/tinyapp_johdanto\/","og_locale":"fi_FI","og_type":"article","og_title":"TinyApp_Johdanto - Fun Academy","og_description":"Osa 1\/2. Johdanto Katso Videoteht\u00e4v\u00e4 Lue Tekstiteht\u00e4v\u00e4 Osallistu Webinaari SEURAAVA Kurssin aikana tuottamasi teht\u00e4v\u00e4vastaukset muodostavat portfolion, jonka voit tulostaa itsellesi PDF-muodossa. Siin\u00e4 n\u00e4et oman ajattelusi kehittymisen, ja saat itsellesi kurssin aiheeseen liittyv\u00e4n ty\u00f6v\u00e4lineen, johon voit palata arjessa. Jos portfoliossasi on videoita, joita tulosteessa ei n\u00e4e, voit palata niihin my\u00f6hemminkin kirjautumalla Fun Academy Campukselle ja valitsemalla [&hellip;]","og_url":"https:\/\/funacademycampus.fi\/fi\/home\/courses\/tinyapp_johdanto\/","og_site_name":"Fun Academy","article_modified_time":"2023-01-26T16:13:56+00:00","twitter_card":"summary_large_image","twitter_misc":{"Arvioitu lukuaika":"1 minuutti"},"schema":{"@context":"https:\/\/schema.org","@graph":[{"@type":"WebPage","@id":"https:\/\/funacademycampus.fi\/home\/courses\/tinyapp_johdanto\/","url":"https:\/\/funacademycampus.fi\/home\/courses\/tinyapp_johdanto\/","name":"TinyApp_Johdanto - Fun Academy","isPartOf":{"@id":"https:\/\/funacademycampus.fi\/#website"},"datePublished":"2023-01-22T19:18:51+00:00","dateModified":"2023-01-26T16:13:56+00:00","breadcrumb":{"@id":"https:\/\/funacademycampus.fi\/home\/courses\/tinyapp_johdanto\/#breadcrumb"},"inLanguage":"fi","potentialAction":[{"@type":"ReadAction","target":["https:\/\/funacademycampus.fi\/home\/courses\/tinyapp_johdanto\/"]}]},{"@type":"BreadcrumbList","@id":"https:\/\/funacademycampus.fi\/home\/courses\/tinyapp_johdanto\/#breadcrumb","itemListElement":[{"@type":"ListItem","position":1,"name":"Home","item":"https:\/\/funacademycampus.fi\/"},{"@type":"ListItem","position":2,"name":"Home","item":"https:\/\/funacademycampus.fi\/"},{"@type":"ListItem","position":3,"name":"courses","item":"https:\/\/funacademycampus.fi\/home\/courses\/"},{"@type":"ListItem","position":4,"name":"TinyApp_Johdanto"}]},{"@type":"WebSite","@id":"https:\/\/funacademycampus.fi\/#website","url":"https:\/\/funacademycampus.fi\/","name":"Fun Academy","description":"Finland Kindergarten Online Learning Platform","publisher":{"@id":"https:\/\/funacademycampus.fi\/#organization"},"potentialAction":[{"@type":"SearchAction","target":{"@type":"EntryPoint","urlTemplate":"https:\/\/funacademycampus.fi\/?s={search_term_string}"},"query-input":"required name=search_term_string"}],"inLanguage":"fi"},{"@type":"Organization","@id":"https:\/\/funacademycampus.fi\/#organization","name":"Fun Academy","url":"https:\/\/funacademycampus.fi\/","logo":{"@type":"ImageObject","inLanguage":"fi","@id":"https:\/\/funacademycampus.fi\/#\/schema\/logo\/image\/","url":"https:\/\/funacademycampus.fi\/wp-content\/uploads\/2021\/05\/FA-Logo-White-1.png","contentUrl":"https:\/\/funacademycampus.fi\/wp-content\/uploads\/2021\/05\/FA-Logo-White-1.png","width":1299,"height":512,"caption":"Fun Academy"},"image":{"@id":"https:\/\/funacademycampus.fi\/#\/schema\/logo\/image\/"}}]}},"_links":{"self":[{"href":"https:\/\/funacademycampus.fi\/fi\/wp-json\/wp\/v2\/pages\/3521","targetHints":{"allow":["GET"]}}],"collection":[{"href":"https:\/\/funacademycampus.fi\/fi\/wp-json\/wp\/v2\/pages"}],"about":[{"href":"https:\/\/funacademycampus.fi\/fi\/wp-json\/wp\/v2\/types\/page"}],"author":[{"embeddable":true,"href":"https:\/\/funacademycampus.fi\/fi\/wp-json\/wp\/v2\/users\/1"}],"replies":[{"embeddable":true,"href":"https:\/\/funacademycampus.fi\/fi\/wp-json\/wp\/v2\/comments?post=3521"}],"version-history":[{"count":81,"href":"https:\/\/funacademycampus.fi\/fi\/wp-json\/wp\/v2\/pages\/3521\/revisions"}],"predecessor-version":[{"id":3970,"href":"https:\/\/funacademycampus.fi\/fi\/wp-json\/wp\/v2\/pages\/3521\/revisions\/3970"}],"up":[{"embeddable":true,"href":"https:\/\/funacademycampus.fi\/fi\/wp-json\/wp\/v2\/pages\/3427"}],"wp:attachment":[{"href":"https:\/\/funacademycampus.fi\/fi\/wp-json\/wp\/v2\/media?parent=3521"}],"curies":[{"name":"wp","href":"https:\/\/api.w.org\/{rel}","templated":true}]}}