{"id":3780,"date":"2023-01-23T18:39:35","date_gmt":"2023-01-23T18:39:35","guid":{"rendered":"https:\/\/funacademycampus.fi\/?page_id=3780"},"modified":"2023-01-26T15:46:08","modified_gmt":"2023-01-26T15:46:08","slug":"tinyapp_text","status":"publish","type":"page","link":"https:\/\/funacademycampus.fi\/fi\/home\/courses\/tinyapp_text\/","title":{"rendered":"TinyApp_Tekstiteht\u00e4v\u00e4"},"content":{"rendered":"<div data-elementor-type=\"wp-page\" data-elementor-id=\"3780\" class=\"elementor elementor-3780\">\n\t\t\t\t\t\t\t\t\t<section class=\"elementor-section elementor-top-section elementor-element elementor-element-6579a1d elementor-section-boxed elementor-section-height-default elementor-section-height-default\" data-id=\"6579a1d\" data-element_type=\"section\">\n\t\t\t\t\t\t<div class=\"elementor-container elementor-column-gap-default\">\n\t\t\t\t\t<div class=\"elementor-column elementor-col-100 elementor-top-column elementor-element elementor-element-2a4ea31\" data-id=\"2a4ea31\" data-element_type=\"column\">\n\t\t\t<div class=\"elementor-widget-wrap elementor-element-populated\">\n\t\t\t\t\t\t\t\t<div class=\"elementor-element elementor-element-7e5ed86 elementor-widget elementor-widget-tp-shape-divider\" data-id=\"7e5ed86\" data-element_type=\"widget\" data-widget_type=\"tp-shape-divider.default\">\n\t\t\t\t<div class=\"elementor-widget-container\">\n\t\t\t<div id=\"shape7e5ed86\" class=\"tp-plus-shape-divider shape-wave shape7e5ed86 shape-bottom\" data-id=\"shape7e5ed86\" data-position=\"bottom\" data-section-type=\"row\"><svg class=\"wave-items gradient-color elementor-repeater-item-9e735ad\" width=\"100%\" height=\"30\" version=\"1.1\" xmlns=\"http:\/\/www.w3.org\/2000\/svg\" data-color=\"#EC2472B3\" data-height=\"30\" data-bones=\"3\" data-amplitude=\"60\" data-speed=\"0.05\" data-gradient-id=\"#gradient_9e735ad\"><defs><lineargradient id=\"gradient_9e735ad\" x1=\"0%\" x2=\"70%\" y1=\"0%\" y2=\"50%\"><stop offset=\"0%\" stop-color=\"#EC2472B3\"  \/><stop offset=\"100%\" stop-color=\"#F6922CB0\" \/><\/lineargradient><\/defs><path id=\"wave-9e735ad\" d=\"\" \/><\/svg><svg class=\"wave-items gradient-color elementor-repeater-item-f319494\" width=\"100%\" height=\"30\" version=\"1.1\" xmlns=\"http:\/\/www.w3.org\/2000\/svg\" data-color=\"#EC2472C2\" data-height=\"30\" data-bones=\"3\" data-amplitude=\"60\" data-speed=\"0.05\" data-gradient-id=\"#gradient_f319494\"><defs><lineargradient id=\"gradient_f319494\" x1=\"0%\" x2=\"70%\" y1=\"0%\" y2=\"50%\"><stop offset=\"0%\" stop-color=\"#EC2472C2\"  \/><stop offset=\"100%\" stop-color=\"#F3921ABA\" \/><\/lineargradient><\/defs><path id=\"wave-f319494\" d=\"\" \/><\/svg><svg class=\"wave-items gradient-color elementor-repeater-item-310fb77\" width=\"100%\" height=\"20\" version=\"1.1\" xmlns=\"http:\/\/www.w3.org\/2000\/svg\" data-color=\"#EC2472\" data-height=\"20\" data-bones=\"3\" data-amplitude=\"65\" data-speed=\"0.04\" data-gradient-id=\"#gradient_310fb77\"><defs><lineargradient id=\"gradient_310fb77\" x1=\"10%\" x2=\"85%\" y1=\"0%\" y2=\"0%\"><stop offset=\"0%\" stop-color=\"#EC2472\"  \/><stop offset=\"100%\" stop-color=\"#F6922C\" \/><\/lineargradient><\/defs><path id=\"wave-310fb77\" d=\"\" \/><\/svg><\/div>\t\t<\/div>\n\t\t\t\t<\/div>\n\t\t\t\t\t<\/div>\n\t\t<\/div>\n\t\t\t\t\t\t\t<\/div>\n\t\t<\/section>\n\t\t\t\t<section class=\"elementor-section elementor-top-section elementor-element elementor-element-b96f510 elementor-section-boxed elementor-section-height-default elementor-section-height-default\" data-id=\"b96f510\" data-element_type=\"section\">\n\t\t\t\t\t\t<div class=\"elementor-container elementor-column-gap-default\">\n\t\t\t\t\t<div class=\"elementor-column elementor-col-100 elementor-top-column elementor-element elementor-element-aa374a5\" data-id=\"aa374a5\" data-element_type=\"column\">\n\t\t\t<div class=\"elementor-widget-wrap elementor-element-populated\">\n\t\t\t\t\t\t\t\t<div class=\"elementor-element elementor-element-63357a7 elementor-widget elementor-widget-spacer\" data-id=\"63357a7\" data-element_type=\"widget\" data-widget_type=\"spacer.default\">\n\t\t\t\t<div class=\"elementor-widget-container\">\n\t\t\t\t\t<div class=\"elementor-spacer\">\n\t\t\t<div class=\"elementor-spacer-inner\"><\/div>\n\t\t<\/div>\n\t\t\t\t<\/div>\n\t\t\t\t<\/div>\n\t\t\t\t\t<\/div>\n\t\t<\/div>\n\t\t\t\t\t\t\t<\/div>\n\t\t<\/section>\n\t\t\t\t<section class=\"elementor-section elementor-top-section elementor-element elementor-element-cef8384 elementor-section-boxed elementor-section-height-default elementor-section-height-default\" data-id=\"cef8384\" data-element_type=\"section\">\n\t\t\t\t\t\t<div class=\"elementor-container elementor-column-gap-default\">\n\t\t\t\t\t<div class=\"elementor-column elementor-col-100 elementor-top-column elementor-element elementor-element-53ff21b\" data-id=\"53ff21b\" data-element_type=\"column\">\n\t\t\t<div class=\"elementor-widget-wrap elementor-element-populated\">\n\t\t\t\t\t\t\t\t<div class=\"elementor-element elementor-element-05d39a9 elementor-widget elementor-widget-shortcode\" data-id=\"05d39a9\" data-element_type=\"widget\" data-widget_type=\"shortcode.default\">\n\t\t\t\t<div class=\"elementor-widget-container\">\n\t\t\t\t\t<div class=\"elementor-shortcode\"><div class=\"_df_book df-container df-loading\" id=\"df_3961\"  data-title=\"tinyapp_teksti\" _slug=\"tinyapp_teksti\" wpoptions=\"true\" thumb=\"https:\/\/funacademycampus.fi\/wp-content\/uploads\/2023\/01\/TinyApp01text.png\" thumbtype=\"bg\" ><\/div><script class=\"df-shortcode-script\" type=\"application\/javascript\">window.option_df_3961 = {\"outline\":[],\"backgroundColor\":\"#FFFF\",\"height\":\"auto\",\"forceFit\":\"true\",\"autoEnableOutline\":\"false\",\"autoEnableThumbnail\":\"false\",\"overwritePDFOutline\":\"false\",\"direction\":\"1\",\"pageSize\":\"0\",\"source\":\"https:\\\/\\\/funacademycampus.fi\\\/wp-content\\\/uploads\\\/2023\\\/01\\\/Yhteistyo-vanhempien-kanssa.pdf\",\"wpOptions\":\"true\"}; if(window.DFLIP && window.DFLIP.parseBooks){window.DFLIP.parseBooks();}<\/script> <\/div>\n\t\t\t\t<\/div>\n\t\t\t\t<\/div>\n\t\t\t\t<div class=\"elementor-element elementor-element-114ae31 elementor-widget elementor-widget-heading\" data-id=\"114ae31\" data-element_type=\"widget\" data-widget_type=\"heading.default\">\n\t\t\t\t<div class=\"elementor-widget-container\">\n\t\t\t<h1 class=\"elementor-heading-title elementor-size-default\">Tekstiteht\u00e4v\u00e4<\/h1>\t\t<\/div>\n\t\t\t\t<\/div>\n\t\t\t\t<div class=\"elementor-element elementor-element-2a5d6d9 elementor-widget elementor-widget-text-editor\" data-id=\"2a5d6d9\" data-element_type=\"widget\" data-widget_type=\"text-editor.default\">\n\t\t\t\t<div class=\"elementor-widget-container\">\n\t\t\t\t\t\t\t<p>Lue oheinen teksti. Mik\u00e4 on ryhm\u00e4si lapsille t\u00e4rke\u00e4t\u00e4 ja mit\u00e4 he tarvitsevat? Mit\u00e4 kaikkea he osaavat jo?<\/p>\t\t\t\t\t\t<\/div>\n\t\t\t\t<\/div>\n\t\t\t\t<div class=\"elementor-element elementor-element-64697c4 elementor-widget-divider--view-line elementor-widget elementor-widget-divider\" data-id=\"64697c4\" data-element_type=\"widget\" data-widget_type=\"divider.default\">\n\t\t\t\t<div class=\"elementor-widget-container\">\n\t\t\t\t\t<div class=\"elementor-divider\">\n\t\t\t<span class=\"elementor-divider-separator\">\n\t\t\t\t\t\t<\/span>\n\t\t<\/div>\n\t\t\t\t<\/div>\n\t\t\t\t<\/div>\n\t\t\t\t<div class=\"elementor-element elementor-element-ef8b1c8 elementor-widget elementor-widget-oew-accordion\" data-id=\"ef8b1c8\" data-element_type=\"widget\" data-widget_type=\"oew-accordion.default\">\n\t\t\t\t<div class=\"elementor-widget-container\">\n\t\t\t\r\n\t\t<div id=\"oew-accordion-ef8b1c8\" class=\"oew-accordion\" data-settings=\"{&quot;multiple&quot;:&quot;false&quot;}\">\r\n\r\n\t\t\t\r\n\t\t\t\t<div class=\"oew-accordion-item\">\r\n\t\t\t\t\t<div class=\"oew-accordion-title\">\r\n\t\t\t\t\t\t\t\t\t\t\t\t\t<span class=\"oew-accordion-icon oew-accordion-icon-right\" aria-hidden=\"true\">\r\n\t\t\t\t\t\t\t\t<i class=\"oew-accordion-icon-closed fa fa-plus\"><\/i>\r\n\t\t\t\t\t\t\t\t<i class=\"oew-accordion-icon-opened fa fa-minus\"><\/i>\r\n\t\t\t\t\t\t\t<\/span>\r\n\t\t\t\t\t\t\r\n\t\t\t\t\t\tVarhaiskasvatuksen teht\u00e4v\u00e4 on edist\u00e4\u00e4...\t\t\t\t\t<\/div>\r\n\r\n\t\t\t\t\t<div class=\"oew-accordion-content\">\r\n\t\t\t\t\t\t<p>Varhaiskasvatuksen teht\u00e4v\u00e4 on edist\u00e4\u00e4 lasten<br \/>kokonaisvaltaista kasvua, kehityst\u00e4 ja oppimista<br \/>yhteisty\u00f6ss\u00e4 huoltajien kanssa. Varhaiskasvatus edist\u00e4\u00e4 lasten tasa-arvoa ja yhdenvertaisuutta ja ehk\u00e4isee syrj\u00e4ytymist\u00e4. Varhaiskasvatuksessa opitut tiedot ja taidot vahvistavat lasten osallisuutta sek\u00e4 aktiivista toimijuutta<br \/>yhteiskunnassa. Lis\u00e4ksi varhaiskasvatus tukee huoltajia kasvatusty\u00f6ss\u00e4 sek\u00e4 mahdollistaa heid\u00e4n osallistumisensa ty\u00f6el\u00e4m\u00e4\u00e4n tai opiskeluun<br \/>*<br \/>\u201cKasvatusty\u00f6h\u00f6n liittyvist\u00e4 arvoista, tavoitteista ja vastuista keskustellaan sek\u00e4 henkil\u00f6st\u00f6n kesken ett\u00e4 huoltajien kanssa. Yhteisty\u00f6 on vuorovaikutteista ja edellytt\u00e4\u00e4 varhaiskasvatuksen henkil\u00f6st\u00f6lt\u00e4 aloitteellisuutta ja aktiivisuutta. Yhteisty\u00f6ss\u00e4 huomioidaan perheiden moninaisuus, lasten yksil\u00f6lliset tarpeet sek\u00e4 huoltajuuteen ja vanhemmuuteen liittyv\u00e4t kysymykset. Tarvittaessa keskusteluissa k\u00e4ytet\u00e4\u00e4n tulkkia molemminpuolisen ymm\u00e4rryksen varmistamiseksi.<br \/>*<br \/>Yhteisty\u00f6ll\u00e4 voi olla erilaisia teht\u00e4vi\u00e4 ja muotoja lapsen varhaiskasvatuksen aikana. Lasten p\u00e4ivitt\u00e4iset tapahtumat ja kokemukset jaetaan huoltajien kanssa. Kannustavat ja lapsen kehityst\u00e4 ja oppimista my\u00f6nteisesti kuvaavat viestit ovat t\u00e4rkeit\u00e4. Huoltajan ja henkil\u00f6st\u00f6n havainnot ja keskustelut lapsen p\u00e4iv\u00e4st\u00e4 luovat pohjan lapsen kokonaisvaltaisen hyvinvoinnin turvaamiselle. \u201c<br \/>*<br \/>OPH, varhaiskasvatussuunnitelman perusteet 2018, 14-33<\/p>\t\t\t\t\t<\/div>\r\n\t\t\t\t<\/div>\r\n\t\t\t\r\n\t\t<\/div>\r\n\r\n\t\t\t<\/div>\n\t\t\t\t<\/div>\n\t\t\t\t<div class=\"elementor-element elementor-element-3ef46c8 elementor-button-align-stretch elementor-widget elementor-widget-form\" data-id=\"3ef46c8\" data-element_type=\"widget\" data-settings=\"{&quot;step_next_label&quot;:&quot;Next&quot;,&quot;step_previous_label&quot;:&quot;Previous&quot;,&quot;button_width&quot;:&quot;100&quot;,&quot;step_type&quot;:&quot;number_text&quot;,&quot;step_icon_shape&quot;:&quot;circle&quot;}\" data-widget_type=\"form.default\">\n\t\t\t\t<div class=\"elementor-widget-container\">\n\t\t\t\t\t<form class=\"elementor-form\" method=\"post\" name=\"Videotask1\" action=\"\">\n\t\t\t<input type=\"hidden\" name=\"post_id\" value=\"3780\"\/>\n\t\t\t<input type=\"hidden\" name=\"form_id\" value=\"3ef46c8\"\/>\n\t\t\t<input type=\"hidden\" name=\"referer_title\" value=\"Fun Academy\" \/>\n\n\t\t\t\n\t\t\t<div class=\"elementor-form-fields-wrapper elementor-labels-above\">\n\t\t\t\t\t\t\t\t<div class=\"elementor-field-type-textarea elementor-field-group elementor-column elementor-field-group-message elementor-col-100\">\n\t\t\t\t\t<textarea class=\"elementor-field-textual elementor-field  elementor-size-sm\" name=\"form_fields[message]\" id=\"form-field-message\" rows=\"4\" placeholder=\"Kirjoita vastauksesi t\u00e4h\u00e4n (max 500 sanaa)\"><\/textarea>\t\t\t\t<\/div>\n\t\t\t\t\t\t\t\t<div class=\"elementor-field-type-upload elementor-field-group elementor-column elementor-field-group-field_1835cdb elementor-col-100 elementor-field-required\">\n\t\t\t\t\t\t\t\t\t\t\t\t<label for=\"form-field-field_1835cdb\" class=\"elementor-field-label\">\n\t\t\t\t\t\t\t\tLis\u00e4\u00e4 video tai kuva (max 8MB)\t\t\t\t\t\t\t<\/label>\n\t\t\t\t\t\t\t\t<input type=\"file\" name=\"form_fields[field_1835cdb]\" id=\"form-field-field_1835cdb\" class=\"elementor-field elementor-size-sm  elementor-upload-field\" required=\"required\" aria-required=\"true\" data-maxsize=\"8\" data-maxsize-message=\"This file exceeds the maximum allowed size.\" data-no-translation-data-maxsize-message=\"\">\n\n\t\t\t\t\t\t<\/div>\n\t\t\t\t\t\t\t\t<div class=\"elementor-field-group elementor-column elementor-field-type-submit elementor-col-100 e-form__buttons\">\n\t\t\t\t\t<button type=\"submit\" class=\"elementor-button elementor-size-sm\">\n\t\t\t\t\t\t<span >\n\t\t\t\t\t\t\t\t\t\t\t\t\t\t\t<span class=\"elementor-button-icon\">\n\t\t\t\t\t\t\t\t\t\t\t\t\t\t\t\t\t\t\t\t\t\t\t\t\t\t<\/span>\n\t\t\t\t\t\t\t\t\t\t\t\t\t\t\t\t\t\t\t\t\t\t<span class=\"elementor-button-text\">L\u00e4het\u00e4 vastaus<\/span>\n\t\t\t\t\t\t\t\t\t\t\t\t\t<\/span>\n\t\t\t\t\t<\/button>\n\t\t\t\t<\/div>\n\t\t\t<\/div>\n\t\t<input type=\"hidden\" name=\"trp-form-language\" value=\"fi\"\/><\/form>\n\t\t\t\t<\/div>\n\t\t\t\t<\/div>\n\t\t\t\t<div class=\"elementor-element elementor-element-1cfad32 elementor-widget elementor-widget-text-editor\" data-id=\"1cfad32\" data-element_type=\"widget\" data-widget_type=\"text-editor.default\">\n\t\t\t\t<div class=\"elementor-widget-container\">\n\t\t\t\t\t\t\t<p>Vastauksesi tallentuvat omaan portfolioosi, jonka voit tulostaa itsellesi PDF-muodossa.\u00a0<\/p>\t\t\t\t\t\t<\/div>\n\t\t\t\t<\/div>\n\t\t\t\t\t<\/div>\n\t\t<\/div>\n\t\t\t\t\t\t\t<\/div>\n\t\t<\/section>\n\t\t\t\t<section class=\"elementor-section elementor-top-section elementor-element elementor-element-d0e9a39 elementor-section-boxed elementor-section-height-default elementor-section-height-default\" data-id=\"d0e9a39\" data-element_type=\"section\">\n\t\t\t\t\t\t<div class=\"elementor-container elementor-column-gap-default\">\n\t\t\t\t\t<div class=\"elementor-column elementor-col-33 elementor-top-column elementor-element elementor-element-57cbc7a\" data-id=\"57cbc7a\" data-element_type=\"column\">\n\t\t\t<div class=\"elementor-widget-wrap\">\n\t\t\t\t\t\t\t\t\t<\/div>\n\t\t<\/div>\n\t\t\t\t<div class=\"elementor-column elementor-col-33 elementor-top-column elementor-element elementor-element-a5639c4\" data-id=\"a5639c4\" data-element_type=\"column\">\n\t\t\t<div class=\"elementor-widget-wrap elementor-element-populated\">\n\t\t\t\t\t\t\t\t<div class=\"elementor-element elementor-element-8e9f7af elementor-align-center elementor-widget elementor-widget-button\" data-id=\"8e9f7af\" data-element_type=\"widget\" data-widget_type=\"button.default\">\n\t\t\t\t<div class=\"elementor-widget-container\">\n\t\t\t\t\t<div class=\"elementor-button-wrapper\">\n\t\t\t<a href=\"https:\/\/funacademycampus.fi\/fi\/home\/courses\/tinyapp_webinaari\/\" class=\"elementor-button-link elementor-button elementor-size-md elementor-animation-grow\" role=\"button\">\n\t\t\t\t\t\t<span class=\"elementor-button-content-wrapper\">\n\t\t\t\t\t\t<span class=\"elementor-button-text\">Seuraava teht\u00e4v\u00e4<\/span>\n\t\t<\/span>\n\t\t\t\t\t<\/a>\n\t\t<\/div>\n\t\t\t\t<\/div>\n\t\t\t\t<\/div>\n\t\t\t\t\t<\/div>\n\t\t<\/div>\n\t\t\t\t<div class=\"elementor-column elementor-col-33 elementor-top-column elementor-element elementor-element-dfe827e\" data-id=\"dfe827e\" data-element_type=\"column\">\n\t\t\t<div class=\"elementor-widget-wrap\">\n\t\t\t\t\t\t\t\t\t<\/div>\n\t\t<\/div>\n\t\t\t\t\t\t\t<\/div>\n\t\t<\/section>\n\t\t\t\t<section class=\"elementor-section elementor-top-section elementor-element elementor-element-7117b7e elementor-section-boxed elementor-section-height-default elementor-section-height-default\" data-id=\"7117b7e\" data-element_type=\"section\">\n\t\t\t\t\t\t<div class=\"elementor-container elementor-column-gap-default\">\n\t\t\t\t\t<div class=\"elementor-column elementor-col-100 elementor-top-column elementor-element elementor-element-0812347\" data-id=\"0812347\" data-element_type=\"column\">\n\t\t\t<div class=\"elementor-widget-wrap elementor-element-populated\">\n\t\t\t\t\t\t\t\t<div class=\"elementor-element elementor-element-8ed1c6f elementor-widget elementor-widget-spacer\" data-id=\"8ed1c6f\" data-element_type=\"widget\" data-widget_type=\"spacer.default\">\n\t\t\t\t<div class=\"elementor-widget-container\">\n\t\t\t\t\t<div class=\"elementor-spacer\">\n\t\t\t<div class=\"elementor-spacer-inner\"><\/div>\n\t\t<\/div>\n\t\t\t\t<\/div>\n\t\t\t\t<\/div>\n\t\t\t\t\t<\/div>\n\t\t<\/div>\n\t\t\t\t\t\t\t<\/div>\n\t\t<\/section>\n\t\t\t\t\t\t\t<\/div>","protected":false},"excerpt":{"rendered":"<p>Tekstiteht\u00e4v\u00e4 Lue oheinen teksti. Mik\u00e4 on ryhm\u00e4si lapsille t\u00e4rke\u00e4t\u00e4 ja mit\u00e4 he tarvitsevat? Mit\u00e4 kaikkea he osaavat jo? Varhaiskasvatuksen teht\u00e4v\u00e4 on edist\u00e4\u00e4&#8230; Varhaiskasvatuksen teht\u00e4v\u00e4 on edist\u00e4\u00e4 lastenkokonaisvaltaista kasvua, kehityst\u00e4 ja oppimistayhteisty\u00f6ss\u00e4 huoltajien kanssa. Varhaiskasvatus edist\u00e4\u00e4 lasten tasa-arvoa ja yhdenvertaisuutta ja ehk\u00e4isee syrj\u00e4ytymist\u00e4. Varhaiskasvatuksessa opitut tiedot ja taidot vahvistavat lasten osallisuutta sek\u00e4 aktiivista toimijuuttayhteiskunnassa. Lis\u00e4ksi varhaiskasvatus [&hellip;]<\/p>","protected":false},"author":1,"featured_media":0,"parent":3427,"menu_order":0,"comment_status":"closed","ping_status":"closed","template":"elementor_header_footer","meta":{"_vp_format_video_url":"","_vp_image_focal_point":[],"_vp_format_audio_url":"","_vp_custom_thumbnail":0,"_vp_hover_thumbnail":0,"_vp_hover_thumbnail_focal_point":[],"footnotes":""},"class_list":["post-3780","page","type-page","status-publish","hentry","entry","owp-thumbs-layout-horizontal","owp-btn-normal","owp-tabs-layout-horizontal","has-no-thumbnails","has-product-nav"],"yoast_head":"<!-- This site is optimized with the Yoast SEO plugin v19.14 - https:\/\/yoast.com\/wordpress\/plugins\/seo\/ -->\n<title>TinyApp_Tekstiteht\u00e4v\u00e4 - Fun Academy<\/title>\n<meta name=\"robots\" content=\"index, follow, max-snippet:-1, max-image-preview:large, max-video-preview:-1\" \/>\n<link rel=\"canonical\" href=\"https:\/\/funacademycampus.fi\/fi\/home\/courses\/tinyapp_text\/\" \/>\n<meta property=\"og:locale\" content=\"fi_FI\" \/>\n<meta property=\"og:type\" content=\"article\" \/>\n<meta property=\"og:title\" content=\"TinyApp_Tekstiteht\u00e4v\u00e4 - Fun Academy\" \/>\n<meta property=\"og:description\" content=\"Tekstiteht\u00e4v\u00e4 Lue oheinen teksti. Mik\u00e4 on ryhm\u00e4si lapsille t\u00e4rke\u00e4t\u00e4 ja mit\u00e4 he tarvitsevat? Mit\u00e4 kaikkea he osaavat jo? Varhaiskasvatuksen teht\u00e4v\u00e4 on edist\u00e4\u00e4&#8230; Varhaiskasvatuksen teht\u00e4v\u00e4 on edist\u00e4\u00e4 lastenkokonaisvaltaista kasvua, kehityst\u00e4 ja oppimistayhteisty\u00f6ss\u00e4 huoltajien kanssa. Varhaiskasvatus edist\u00e4\u00e4 lasten tasa-arvoa ja yhdenvertaisuutta ja ehk\u00e4isee syrj\u00e4ytymist\u00e4. Varhaiskasvatuksessa opitut tiedot ja taidot vahvistavat lasten osallisuutta sek\u00e4 aktiivista toimijuuttayhteiskunnassa. Lis\u00e4ksi varhaiskasvatus [&hellip;]\" \/>\n<meta property=\"og:url\" content=\"https:\/\/funacademycampus.fi\/fi\/home\/courses\/tinyapp_text\/\" \/>\n<meta property=\"og:site_name\" content=\"Fun Academy\" \/>\n<meta property=\"article:modified_time\" content=\"2023-01-26T15:46:08+00:00\" \/>\n<meta name=\"twitter:card\" content=\"summary_large_image\" \/>\n<meta name=\"twitter:label1\" content=\"Arvioitu lukuaika\" \/>\n\t<meta name=\"twitter:data1\" content=\"1 minuutti\" \/>\n<script type=\"application\/ld+json\" class=\"yoast-schema-graph\">{\"@context\":\"https:\/\/schema.org\",\"@graph\":[{\"@type\":\"WebPage\",\"@id\":\"https:\/\/funacademycampus.fi\/home\/courses\/tinyapp_text\/\",\"url\":\"https:\/\/funacademycampus.fi\/home\/courses\/tinyapp_text\/\",\"name\":\"TinyApp_Tekstiteht\u00e4v\u00e4 - Fun Academy\",\"isPartOf\":{\"@id\":\"https:\/\/funacademycampus.fi\/#website\"},\"datePublished\":\"2023-01-23T18:39:35+00:00\",\"dateModified\":\"2023-01-26T15:46:08+00:00\",\"breadcrumb\":{\"@id\":\"https:\/\/funacademycampus.fi\/home\/courses\/tinyapp_text\/#breadcrumb\"},\"inLanguage\":\"fi\",\"potentialAction\":[{\"@type\":\"ReadAction\",\"target\":[\"https:\/\/funacademycampus.fi\/home\/courses\/tinyapp_text\/\"]}]},{\"@type\":\"BreadcrumbList\",\"@id\":\"https:\/\/funacademycampus.fi\/home\/courses\/tinyapp_text\/#breadcrumb\",\"itemListElement\":[{\"@type\":\"ListItem\",\"position\":1,\"name\":\"Home\",\"item\":\"https:\/\/funacademycampus.fi\/\"},{\"@type\":\"ListItem\",\"position\":2,\"name\":\"Home\",\"item\":\"https:\/\/funacademycampus.fi\/\"},{\"@type\":\"ListItem\",\"position\":3,\"name\":\"courses\",\"item\":\"https:\/\/funacademycampus.fi\/home\/courses\/\"},{\"@type\":\"ListItem\",\"position\":4,\"name\":\"TinyApp_Tekstiteht\u00e4v\u00e4\"}]},{\"@type\":\"WebSite\",\"@id\":\"https:\/\/funacademycampus.fi\/#website\",\"url\":\"https:\/\/funacademycampus.fi\/\",\"name\":\"Fun Academy\",\"description\":\"Finland Kindergarten Online Learning Platform\",\"publisher\":{\"@id\":\"https:\/\/funacademycampus.fi\/#organization\"},\"potentialAction\":[{\"@type\":\"SearchAction\",\"target\":{\"@type\":\"EntryPoint\",\"urlTemplate\":\"https:\/\/funacademycampus.fi\/?s={search_term_string}\"},\"query-input\":\"required name=search_term_string\"}],\"inLanguage\":\"fi\"},{\"@type\":\"Organization\",\"@id\":\"https:\/\/funacademycampus.fi\/#organization\",\"name\":\"Fun Academy\",\"url\":\"https:\/\/funacademycampus.fi\/\",\"logo\":{\"@type\":\"ImageObject\",\"inLanguage\":\"fi\",\"@id\":\"https:\/\/funacademycampus.fi\/#\/schema\/logo\/image\/\",\"url\":\"https:\/\/funacademycampus.fi\/wp-content\/uploads\/2021\/05\/FA-Logo-White-1.png\",\"contentUrl\":\"https:\/\/funacademycampus.fi\/wp-content\/uploads\/2021\/05\/FA-Logo-White-1.png\",\"width\":1299,\"height\":512,\"caption\":\"Fun Academy\"},\"image\":{\"@id\":\"https:\/\/funacademycampus.fi\/#\/schema\/logo\/image\/\"}}]}<\/script>\n<!-- \/ Yoast SEO plugin. -->","yoast_head_json":{"title":"TinyApp_Tekstiteht\u00e4v\u00e4 - Fun Academy","robots":{"index":"index","follow":"follow","max-snippet":"max-snippet:-1","max-image-preview":"max-image-preview:large","max-video-preview":"max-video-preview:-1"},"canonical":"https:\/\/funacademycampus.fi\/fi\/home\/courses\/tinyapp_text\/","og_locale":"fi_FI","og_type":"article","og_title":"TinyApp_Tekstiteht\u00e4v\u00e4 - Fun Academy","og_description":"Tekstiteht\u00e4v\u00e4 Lue oheinen teksti. Mik\u00e4 on ryhm\u00e4si lapsille t\u00e4rke\u00e4t\u00e4 ja mit\u00e4 he tarvitsevat? Mit\u00e4 kaikkea he osaavat jo? Varhaiskasvatuksen teht\u00e4v\u00e4 on edist\u00e4\u00e4&#8230; Varhaiskasvatuksen teht\u00e4v\u00e4 on edist\u00e4\u00e4 lastenkokonaisvaltaista kasvua, kehityst\u00e4 ja oppimistayhteisty\u00f6ss\u00e4 huoltajien kanssa. Varhaiskasvatus edist\u00e4\u00e4 lasten tasa-arvoa ja yhdenvertaisuutta ja ehk\u00e4isee syrj\u00e4ytymist\u00e4. Varhaiskasvatuksessa opitut tiedot ja taidot vahvistavat lasten osallisuutta sek\u00e4 aktiivista toimijuuttayhteiskunnassa. Lis\u00e4ksi varhaiskasvatus [&hellip;]","og_url":"https:\/\/funacademycampus.fi\/fi\/home\/courses\/tinyapp_text\/","og_site_name":"Fun Academy","article_modified_time":"2023-01-26T15:46:08+00:00","twitter_card":"summary_large_image","twitter_misc":{"Arvioitu lukuaika":"1 minuutti"},"schema":{"@context":"https:\/\/schema.org","@graph":[{"@type":"WebPage","@id":"https:\/\/funacademycampus.fi\/home\/courses\/tinyapp_text\/","url":"https:\/\/funacademycampus.fi\/home\/courses\/tinyapp_text\/","name":"TinyApp_Tekstiteht\u00e4v\u00e4 - Fun Academy","isPartOf":{"@id":"https:\/\/funacademycampus.fi\/#website"},"datePublished":"2023-01-23T18:39:35+00:00","dateModified":"2023-01-26T15:46:08+00:00","breadcrumb":{"@id":"https:\/\/funacademycampus.fi\/home\/courses\/tinyapp_text\/#breadcrumb"},"inLanguage":"fi","potentialAction":[{"@type":"ReadAction","target":["https:\/\/funacademycampus.fi\/home\/courses\/tinyapp_text\/"]}]},{"@type":"BreadcrumbList","@id":"https:\/\/funacademycampus.fi\/home\/courses\/tinyapp_text\/#breadcrumb","itemListElement":[{"@type":"ListItem","position":1,"name":"Home","item":"https:\/\/funacademycampus.fi\/"},{"@type":"ListItem","position":2,"name":"Home","item":"https:\/\/funacademycampus.fi\/"},{"@type":"ListItem","position":3,"name":"courses","item":"https:\/\/funacademycampus.fi\/home\/courses\/"},{"@type":"ListItem","position":4,"name":"TinyApp_Tekstiteht\u00e4v\u00e4"}]},{"@type":"WebSite","@id":"https:\/\/funacademycampus.fi\/#website","url":"https:\/\/funacademycampus.fi\/","name":"Fun Academy","description":"Finland Kindergarten Online Learning Platform","publisher":{"@id":"https:\/\/funacademycampus.fi\/#organization"},"potentialAction":[{"@type":"SearchAction","target":{"@type":"EntryPoint","urlTemplate":"https:\/\/funacademycampus.fi\/?s={search_term_string}"},"query-input":"required name=search_term_string"}],"inLanguage":"fi"},{"@type":"Organization","@id":"https:\/\/funacademycampus.fi\/#organization","name":"Fun Academy","url":"https:\/\/funacademycampus.fi\/","logo":{"@type":"ImageObject","inLanguage":"fi","@id":"https:\/\/funacademycampus.fi\/#\/schema\/logo\/image\/","url":"https:\/\/funacademycampus.fi\/wp-content\/uploads\/2021\/05\/FA-Logo-White-1.png","contentUrl":"https:\/\/funacademycampus.fi\/wp-content\/uploads\/2021\/05\/FA-Logo-White-1.png","width":1299,"height":512,"caption":"Fun Academy"},"image":{"@id":"https:\/\/funacademycampus.fi\/#\/schema\/logo\/image\/"}}]}},"_links":{"self":[{"href":"https:\/\/funacademycampus.fi\/fi\/wp-json\/wp\/v2\/pages\/3780","targetHints":{"allow":["GET"]}}],"collection":[{"href":"https:\/\/funacademycampus.fi\/fi\/wp-json\/wp\/v2\/pages"}],"about":[{"href":"https:\/\/funacademycampus.fi\/fi\/wp-json\/wp\/v2\/types\/page"}],"author":[{"embeddable":true,"href":"https:\/\/funacademycampus.fi\/fi\/wp-json\/wp\/v2\/users\/1"}],"replies":[{"embeddable":true,"href":"https:\/\/funacademycampus.fi\/fi\/wp-json\/wp\/v2\/comments?post=3780"}],"version-history":[{"count":34,"href":"https:\/\/funacademycampus.fi\/fi\/wp-json\/wp\/v2\/pages\/3780\/revisions"}],"predecessor-version":[{"id":3967,"href":"https:\/\/funacademycampus.fi\/fi\/wp-json\/wp\/v2\/pages\/3780\/revisions\/3967"}],"up":[{"embeddable":true,"href":"https:\/\/funacademycampus.fi\/fi\/wp-json\/wp\/v2\/pages\/3427"}],"wp:attachment":[{"href":"https:\/\/funacademycampus.fi\/fi\/wp-json\/wp\/v2\/media?parent=3780"}],"curies":[{"name":"wp","href":"https:\/\/api.w.org\/{rel}","templated":true}]}}